{"id":839,"date":"2021-10-15T17:23:29","date_gmt":"2021-10-15T15:23:29","guid":{"rendered":"http:\/\/mhh-kardiologie.de.w01d58f8.kasserver.com\/?page_id=839"},"modified":"2026-01-29T09:28:25","modified_gmt":"2026-01-29T08:28:25","slug":"prof-dr-andreas-schaefer","status":"publish","type":"page","link":"https:\/\/mhh-kardiologie.de\/en\/klinikteam\/direktor-oberaerzte\/prof-dr-andreas-schaefer\/","title":{"rendered":"Prof. Dr. Andreas Sch\u00e4fer"},"content":{"rendered":"\n<div class=\"wp-block-columns is-layout-flex wp-container-core-columns-is-layout-9d6595d7 wp-block-columns-is-layout-flex\">\n<div class=\"wp-block-column is-layout-flow wp-block-column-is-layout-flow\" style=\"flex-basis:66.66%\">\n<h2 class=\"wp-block-heading\" id=\"prof-dr-andreas-schafer\">Prof. Dr. Andreas Sch\u00e4fer<\/h2>\n\n\n\n<h3 class=\"wp-block-heading\" id=\"stellvertretender-klinikdirektor\">Stellvertretender Klinikdirektor<\/h3>\n\n\n<div class=\"lazyblock-akkordeon-1igbPQ wp-block-lazyblock-akkordeon\">\n<input id=\"curriculumvitae\" class=\"hide-akkordeon akkordeon-toggle\" type=\"checkbox\" tabindex=\"-1\">\n\n<div class=\"akkordeon-block\">\n  <div class=\"toggler\">\n    <label for=\"curriculumvitae\" tabindex=\"0\">Curriculum Vitae<\/label>\n    <div class=\"akkordeon-bar\"><\/div>\n  <\/div>\n\n  <div class=\"akkordeon-content\">\n    <div class=\"akkordeon-inner-content\">\n      <div class=\"accordion\">\n<div class=\"inner\">\n<div class=\"ce_text block\">\n<ul>\n<li><strong><span class=\"s1\">1993 \u2013 2000<br \/><\/span><\/strong><span class=\"s1\"> Studium Humanmedizin an der Johann-Wolfgang-Goethe-Universit\u00e4t, Frankfurt am Main<\/span><\/li>\n<li><span class=\"s1\"><strong>2000 \u20132001<span class=\"Apple-tab-span\"> <br \/><\/span><\/strong>Arzt im Praktikum, Klinik f\u00fcr Innere Medizin, Klinikum der Bayerischen Julius-Maximilians-Universit\u00e4t W\u00fcrzburg<\/span><\/li>\n<li><span class=\"s1\"><strong>2001<\/strong> <br \/>Promotion \u201emagna cum laude\u201c<\/span><\/li>\n<li><span class=\"s1\"><strong>2002<\/strong><span class=\"Apple-tab-span\"> <br \/><\/span> Vollapprobation als Arzt <br \/><\/span><span class=\"s1\"> Assistenzarzt in der Klinik f\u00fcr Innere Medizin, Klinikum der Bayerischen Julius-Maximilians-Universit\u00e4t W\u00fcrzburg <\/span><\/li>\n<li><span class=\"s1\"><strong>2002 \u2013 2003 <\/strong><br \/>Research Fellow im Department of Cardiovascular Medicine, University of Oxford, Gro\u00dfbritannien bei Prof. Dr. K. M. Channon<\/span><\/li>\n<li><span class=\"s1\"><strong>2003 \u2013 2010<span class=\"Apple-tab-span\"> <br \/><\/span><\/strong>Assistenzarzt in der Klinik f\u00fcr Innere Medizin, Klinikum der Bayerischen Julius-Maximilians-Universit\u00e4t W\u00fcrzburg <\/span><\/li>\n<li><span class=\"s1\"><strong>2004<\/strong><span class=\"Apple-tab-span\"> <br \/><\/span> Zertifizierung \u201cAdvanced Trauma Life Support\u201d durch ATLS at Trauma Unit, University of the Witwatersrand Johannesburg General Hospital, Johannesburg, South Africa <\/span><\/li>\n<li><span class=\"s1\"><strong>2007<\/strong><span class=\"Apple-tab-span\"> <br \/><\/span>Anerkennung der Zusatzbezeichnung \u201eNotfallmedizin\u201d durch die Bayerische Landes\u00e4rztekammer<\/span><\/li>\n<li><span class=\"s1\"><strong>2007<\/strong><span class=\"Apple-tab-span\"> <br \/><\/span>Erwerb der Gebietsbezeichnung \u201eInnere Medizin\u201d durch die Bayerische Landes\u00e4rztekammer<\/span><\/li>\n<li><span class=\"s1\"><strong>2008<\/strong><span class=\"Apple-tab-span\"> <br \/><\/span>Habilitation f\u00fcr das Fach Innere Medizin<br \/><\/span>Ernennung zum Privatdozenten<br \/><span class=\"s1\"> Anerkennung der Schwerpunktbezeichnung \u201eKardiologie\u201c durch die Bayerische Landes\u00e4rztekammer<\/span><\/li>\n<li><span class=\"s1\"><strong>2010<\/strong><span class=\"Apple-tab-span\"> <br \/><\/span>Oberarzt Kardiologie an der Medizinischen Hochschule Hannover, Prof. Dr. J. Bauersachs<\/span><\/li>\n<li><span class=\"s1\"><strong>2011<\/strong><span class=\"Apple-tab-span\"> <br \/><\/span>Anerkennung der Zusatzweiterbildung \u201eInternistische Intensivmedizin\u201c durch die \u00c4rztekammer Niedersachsen<\/span><\/li>\n<li><span class=\"s1\"><strong>2012<\/strong><span class=\"Apple-tab-span\"> <br \/><\/span> Leiter Kardiologische Intensivstation der Medizinischen Hochschule Hannover\u00a0<br \/><\/span><span class=\"s1\"> Stellvertretender Klinikdirektor der Klinik f\u00fcr Kardiologie und Angiologie der Medizinischen Hochschule Hannover (Prof. Dr. J. Bauersachs)<br \/><\/span><\/li>\n<li><span class=\"s1\"><strong>2013<\/strong><span class=\"Apple-tab-span\"> <br \/><\/span>Ernennung zum au\u00dferplanm\u00e4\u00dfigen Professor<\/span><\/li>\n<li><span class=\"s1\"><strong>2014<\/strong><span class=\"Apple-tab-span\"> <br \/><\/span>Zertifizierung \u201eInterventioneller Kardiologe\u201c DGK<\/span><\/li>\n<\/ul>\n<\/div>\n<\/div>\n<\/div>    <\/div>\n  <\/div>\n<\/div><\/div><\/div>\n\n\n\n<div class=\"wp-block-column has-black-color has-text-color is-layout-flow wp-block-column-is-layout-flow\" style=\"flex-basis:33.33%\"><div class=\"personal_container\"><div class=\"personal_portrait\" style=\"background-image: url(https:\/\/mhh-kardiologie.de\/wp-content\/uploads\/2024\/11\/MHH_Kardiologie_OA\u0308_Portraits_scha\u0308fer_2024-10-29_web.jpg);\"><\/div><div class=\"personal_infos\"><p class=\"personal_name\"><a href=\"https:\/\/mhh-kardiologie.de\/en\/klinikteam\/direktor-oberaerzte\/prof-dr-andreas-schaefer\/\">Prof. Dr. Andreas Sch\u00e4fer<\/a><\/p><p class=\"personal_mail\"><a href=\"mailto:schaefer.andreas@mh-hannover.de\">schaefer.andreas@mh-hannover.de<\/a><\/p><\/div><\/div>\n<\/div>\n<\/div>\n","protected":false},"excerpt":{"rendered":"<p>Prof. Dr. Andreas Sch\u00e4fer Stellvertretender Klinikdirektor<\/p>\n","protected":false},"author":1,"featured_media":6580,"parent":129,"menu_order":32,"comment_status":"closed","ping_status":"closed","template":"","meta":{"block":"%5B%5D","footnotes":""},"class_list":["post-839","page","type-page","status-publish","has-post-thumbnail","hentry"],"_links":{"self":[{"href":"https:\/\/mhh-kardiologie.de\/en\/wp-json\/wp\/v2\/pages\/839","targetHints":{"allow":["GET"]}}],"collection":[{"href":"https:\/\/mhh-kardiologie.de\/en\/wp-json\/wp\/v2\/pages"}],"about":[{"href":"https:\/\/mhh-kardiologie.de\/en\/wp-json\/wp\/v2\/types\/page"}],"author":[{"embeddable":true,"href":"https:\/\/mhh-kardiologie.de\/en\/wp-json\/wp\/v2\/users\/1"}],"replies":[{"embeddable":true,"href":"https:\/\/mhh-kardiologie.de\/en\/wp-json\/wp\/v2\/comments?post=839"}],"version-history":[{"count":11,"href":"https:\/\/mhh-kardiologie.de\/en\/wp-json\/wp\/v2\/pages\/839\/revisions"}],"predecessor-version":[{"id":6589,"href":"https:\/\/mhh-kardiologie.de\/en\/wp-json\/wp\/v2\/pages\/839\/revisions\/6589"}],"up":[{"embeddable":true,"href":"https:\/\/mhh-kardiologie.de\/en\/wp-json\/wp\/v2\/pages\/129"}],"wp:featuredmedia":[{"embeddable":true,"href":"https:\/\/mhh-kardiologie.de\/en\/wp-json\/wp\/v2\/media\/6580"}],"wp:attachment":[{"href":"https:\/\/mhh-kardiologie.de\/en\/wp-json\/wp\/v2\/media?parent=839"}],"curies":[{"name":"wp","href":"https:\/\/api.w.org\/{rel}","templated":true}]}}