{"id":849,"date":"2021-10-15T17:26:36","date_gmt":"2021-10-15T15:26:36","guid":{"rendered":"http:\/\/mhh-kardiologie.de.w01d58f8.kasserver.com\/?page_id=849"},"modified":"2026-01-29T09:29:14","modified_gmt":"2026-01-29T08:29:14","slug":"prof-dr-udo-bavendiek","status":"publish","type":"page","link":"https:\/\/mhh-kardiologie.de\/en\/klinikteam\/direktor-oberaerzte\/prof-dr-udo-bavendiek\/","title":{"rendered":"Prof. Dr. Udo Bavendiek"},"content":{"rendered":"\n<div class=\"wp-block-columns is-layout-flex wp-container-core-columns-is-layout-9d6595d7 wp-block-columns-is-layout-flex\">\n<div class=\"wp-block-column is-layout-flow wp-block-column-is-layout-flow\" style=\"flex-basis:66.66%\">\n<h2 class=\"wp-block-heading\">Prof. Dr. Udo Bavendiek<\/h2>\n\n\n\n<h3 class=\"wp-block-heading\">Oberarzt<\/h3>\n\n\n<div class=\"lazyblock-akkordeon-8KYm4 wp-block-lazyblock-akkordeon\">\n<input id=\"curriculumvitae\" class=\"hide-akkordeon akkordeon-toggle\" type=\"checkbox\" tabindex=\"-1\">\n\n<div class=\"akkordeon-block\">\n  <div class=\"toggler\">\n    <label for=\"curriculumvitae\" tabindex=\"0\">Curriculum Vitae<\/label>\n    <div class=\"akkordeon-bar\"><\/div>\n  <\/div>\n\n  <div class=\"akkordeon-content\">\n    <div class=\"akkordeon-inner-content\">\n      <div class=\"accordion\">\n<div class=\"inner\">\n<div class=\"ce_text block\">\n<ul>\n<li><span class=\"s1\"><strong>1994 \u2013 1997<span class=\"Apple-tab-span\"><br \/><\/span><\/strong>Promotionsarbeit, Labor f\u00fcr Herzmuskelphysiologie und Molekulare Kardiologie, Priv.-Doz. Dr. R.H.G. Schwinger, Klinik III f\u00fcr Innere Medizin, Universit\u00e4t zu K\u00f6ln (Prof. Dr. E. Erdmann)<\/span><\/li>\n<li><span class=\"s1\"><strong>1997\u00a0\u2013\u00a01998<span class=\"Apple-tab-span\"><br \/><\/span><\/strong>Arzt im Praktikum\/Wissenschaftlicher Mitarbeiter, Klinik II und Poliklinik f\u00fcr Innere Medizin, Universit\u00e4t zu K\u00f6ln (Prof. Dr. W. Krone)<\/span><\/li>\n<li><span class=\"s1\"><strong>1998<\/strong><span class=\"Apple-tab-span\"><br \/><\/span>summa cum laude<br \/><\/span><span class=\"s1\">Wissenschaftlicher\/\u00e4rztlicher<span class=\"Apple-converted-space\">\u00a0 <\/span>Mitarbeiter, Zentrum f\u00fcr Molekulare Medizin K\u00f6ln (ZMMK), Projekt: \u201eHormonelle Regulation des LDL-Rezeptor Gens\u201c (Prof. Dr. W. Krone)<\/span><\/li>\n<li><span class=\"s1\"><strong>2000\u00a0\u2013\u00a02002<span class=\"Apple-tab-span\"><br \/><\/span><\/strong>Forschungsstipendiat der Deutschen Forschungsgemeinschaft, Brigham &amp; Women\u2019s Hospital, Cardiovascular Medicine (Prof. P. Libby), Harvard Medical School, Boston\/USA<br \/><\/span><span class=\"s1\">Wissenschaftlicher Mitarbeiter, Brigham &amp; Women\u2019s Hospital, Cardiovascular Medicine (Prof. P. Libby), Harvard Medical School, Boston\/USA<\/span><\/li>\n<li><span class=\"s1\"><strong>2003<\/strong><span class=\"Apple-tab-span\"><br \/><\/span>Wissenschaftlicher\/\u00e4rztlicher Mitarbeiter an der Medizinischen Hochschule Hannover, Klinik f\u00fcr Kardiologie und Angiologie<br \/><\/span><span class=\"s1\">(Prof. Dr. H. Drexler <\/span><span class=\"s3\">\u2020<\/span><span class=\"s1\"> &amp; Prof. Dr. J. Bauersachs)<\/span><\/li>\n<li><span class=\"s1\"><strong>2008<\/strong><span class=\"Apple-tab-span\"><br \/><\/span>Facharzt f\u00fcr Innere Medizin<\/span><\/li>\n<li><span class=\"s1\"><strong>2010<\/strong><span class=\"Apple-tab-span\"><br \/><\/span>Oberarzt der Klinik f\u00fcr Kardiologie und Angiologie, Medizinische Hochschule Hannover (Prof. Dr. J. Bauersachs)<\/span><\/li>\n<li><span class=\"s1\"><strong>2010<\/strong><span class=\"Apple-tab-span\"><br \/><\/span>Facharzt f\u00fcr Innere Medizin und Kardiologie<\/span><\/li>\n<li><span class=\"s1\"><strong>2010<\/strong><br \/>Venia legendi f\u00fcr Innere Medizin der Medizinischen Hochschule Hannover<\/span><\/li>\n<\/ul>\n<\/div>\n<\/div>\n<\/div>    <\/div>\n  <\/div>\n<\/div><\/div>\n\n<div class=\"lazyblock-hyberlink-block-ZfOuho wp-block-lazyblock-hyberlink-block\"><a href=\"https:\/\/mhh-kardiologie.de\/forschung\/digit-hf-studie\/\" target=\"_blank\" rel=\"noopener noreferrer\" class=\"hyperlink_txt\">DIGIT-HF-Studie<\/a><\/div><\/div>\n\n\n\n<div class=\"wp-block-column is-layout-flow wp-block-column-is-layout-flow\" style=\"flex-basis:33.33%\"><div class=\"personal_container\"><div class=\"personal_portrait\" style=\"background-image: url(https:\/\/mhh-kardiologie.de\/wp-content\/uploads\/2024\/11\/MHH_Kardiologie_OA\u0308_Portraits_bavendieck_2024-10-29_web.jpg);\"><\/div><div class=\"personal_infos\"><p class=\"personal_name\"><a href=\"https:\/\/mhh-kardiologie.de\/en\/klinikteam\/direktor-oberaerzte\/prof-dr-udo-bavendiek\/\">Prof. Dr. Udo Bavendiek<\/a><\/p><p class=\"personal_mail\"><a href=\"mailto:bavendiek.udo@mh-hannover.de\">bavendiek.udo@mh-hannover.de<\/a><\/p><\/div><\/div>\n<\/div>\n<\/div>\n","protected":false},"excerpt":{"rendered":"<p>Prof. Dr. Udo Bavendiek Oberarzt<\/p>\n","protected":false},"author":1,"featured_media":6580,"parent":129,"menu_order":35,"comment_status":"closed","ping_status":"closed","template":"","meta":{"block":"%5B%5D","footnotes":""},"class_list":["post-849","page","type-page","status-publish","has-post-thumbnail","hentry"],"_links":{"self":[{"href":"https:\/\/mhh-kardiologie.de\/en\/wp-json\/wp\/v2\/pages\/849","targetHints":{"allow":["GET"]}}],"collection":[{"href":"https:\/\/mhh-kardiologie.de\/en\/wp-json\/wp\/v2\/pages"}],"about":[{"href":"https:\/\/mhh-kardiologie.de\/en\/wp-json\/wp\/v2\/types\/page"}],"author":[{"embeddable":true,"href":"https:\/\/mhh-kardiologie.de\/en\/wp-json\/wp\/v2\/users\/1"}],"replies":[{"embeddable":true,"href":"https:\/\/mhh-kardiologie.de\/en\/wp-json\/wp\/v2\/comments?post=849"}],"version-history":[{"count":3,"href":"https:\/\/mhh-kardiologie.de\/en\/wp-json\/wp\/v2\/pages\/849\/revisions"}],"predecessor-version":[{"id":2143,"href":"https:\/\/mhh-kardiologie.de\/en\/wp-json\/wp\/v2\/pages\/849\/revisions\/2143"}],"up":[{"embeddable":true,"href":"https:\/\/mhh-kardiologie.de\/en\/wp-json\/wp\/v2\/pages\/129"}],"wp:featuredmedia":[{"embeddable":true,"href":"https:\/\/mhh-kardiologie.de\/en\/wp-json\/wp\/v2\/media\/6580"}],"wp:attachment":[{"href":"https:\/\/mhh-kardiologie.de\/en\/wp-json\/wp\/v2\/media?parent=849"}],"curies":[{"name":"wp","href":"https:\/\/api.w.org\/{rel}","templated":true}]}}