{"id":857,"date":"2021-10-15T17:28:39","date_gmt":"2021-10-15T15:28:39","guid":{"rendered":"http:\/\/mhh-kardiologie.de.w01d58f8.kasserver.com\/?page_id=857"},"modified":"2026-02-02T09:19:31","modified_gmt":"2026-02-02T08:19:31","slug":"dr-tobias-koenig","status":"publish","type":"page","link":"https:\/\/mhh-kardiologie.de\/en\/klinikteam\/direktor-oberaerzte\/dr-tobias-koenig\/","title":{"rendered":"Dr. Tobias K\u00f6nig"},"content":{"rendered":"\n<div class=\"wp-block-columns is-layout-flex wp-container-core-columns-is-layout-9d6595d7 wp-block-columns-is-layout-flex\">\n<div class=\"wp-block-column is-layout-flow wp-block-column-is-layout-flow\" style=\"flex-basis:66.66%\">\n<h2 class=\"wp-block-heading\">Dr. Tobias K\u00f6nig<\/h2>\n\n\n\n<h3 class=\"wp-block-heading\">Leitender Oberarzt<\/h3>\n\n\n<div class=\"lazyblock-akkordeon-Z2xwaW wp-block-lazyblock-akkordeon\">\n<input id=\"curriculumvitae\" class=\"hide-akkordeon akkordeon-toggle\" type=\"checkbox\" tabindex=\"-1\">\n\n<div class=\"akkordeon-block\">\n  <div class=\"toggler\">\n    <label for=\"curriculumvitae\" tabindex=\"0\">Curriculum Vitae<\/label>\n    <div class=\"akkordeon-bar\"><\/div>\n  <\/div>\n\n  <div class=\"akkordeon-content\">\n    <div class=\"akkordeon-inner-content\">\n      <div class=\"accordion\">\n<div class=\"inner\">\n<div class=\"ce_text block\">\n<ul>\n<li><strong>2006 \u2013 2012<\/strong><br \/>Studium der Humanmedizin, Justus-Liebig-Universit\u00e4t Gie\u00dfen<\/li>\n<li><strong>2012<\/strong><br \/>Approbation als Arzt<\/li>\n<li><strong>2012 \u2013 2014<\/strong><br \/>Assistenzarzt (Weiterbildung Innere Medizin), Klinik f\u00fcr Herz- und Gef\u00e4\u00dfchirurgie, Universit\u00e4tsspital Bern, Schweiz<\/li>\n<li><strong>2013<\/strong><br \/>Promotion, Universit\u00e4t Bern, Schweiz<\/li>\n<li><strong>2014<\/strong><br \/>Clinical Fellow, Yale Aortic Institute, Yale University School of Medicine, USA<\/li>\n<li><strong>2014 \u2013 2021<\/strong><br \/>Assistenz- und Facharzt, Klinik f\u00fcr Kardiologie und Angiologie, Medizinische Hochschule Hannover<\/li>\n<li><strong>2020<\/strong><br \/>Facharzt f\u00fcr Innere Medizin und Kardiologie<\/li>\n<li><strong>2021<\/strong><br \/>Zusatzbezeichnung Internistische Intensivmedizin<\/li>\n<li><strong>2021<\/strong><br \/>DGK-Zusatzqualifikation Kardiovaskul\u00e4re Intensiv- und Notfallmedizin<\/li>\n<li><strong>2021<\/strong><br \/>Funktionsoberarzt, Klinik f\u00fcr Kardiologie und Angiologie, Medizinische Hochschule Hannover<\/li>\n<li><span style=\"color: #000000;\"><strong>2022<\/strong><\/span><br \/>Oberarzt, Klinik f\u00fcr Kardiologie und Angiologie, Medizinische Hochschule Hannover<\/li>\n<li><strong>2024<\/strong><br \/>DGK-Zusatzqualifikation Interventionelle Kardiologie<\/li>\n<li><strong>2024<\/strong><br \/>Stellvertretende Bereichsleitung Interventionelle Kardiologie<\/li>\n<li><strong>2025<\/strong><br \/>Bereichsleitung Interventionelle Kardiologie<\/li>\n<li><strong>2025<\/strong><br \/>Leitender Oberarzt, Klinik f\u00fcr Kardiologie und Angiologie, Medizinische Hochcschule Hannover<\/li>\n<\/ul>\n<\/div>\n<\/div>\n<\/div>    <\/div>\n  <\/div>\n<\/div><\/div><\/div>\n\n\n\n<div class=\"wp-block-column is-layout-flow wp-block-column-is-layout-flow\" style=\"flex-basis:33.33%\"><div class=\"personal_container\"><div class=\"personal_portrait\" style=\"background-image: url(https:\/\/mhh-kardiologie.de\/wp-content\/uploads\/2024\/11\/MHH_Kardiologie_OA\u0308_Portraits_ko\u0308nig_2024-10-29_web.jpg);\"><\/div><div class=\"personal_infos\"><p class=\"personal_name\"><a href=\"https:\/\/mhh-kardiologie.de\/en\/klinikteam\/direktor-oberaerzte\/dr-tobias-koenig\/\">Dr. Tobias K\u00f6nig<\/a><\/p><p class=\"personal_mail\"><a href=\"mailto:koenig.tobias@mh-hannover.de\">koenig.tobias@mh-hannover.de<\/a><\/p><\/div><\/div>\n<\/div>\n<\/div>\n","protected":false},"excerpt":{"rendered":"<p>Dr. Tobias K\u00f6nig Leitender Oberarzt<\/p>\n","protected":false},"author":1,"featured_media":6580,"parent":129,"menu_order":44,"comment_status":"closed","ping_status":"closed","template":"","meta":{"block":"%5B%5D","footnotes":""},"class_list":["post-857","page","type-page","status-publish","has-post-thumbnail","hentry"],"_links":{"self":[{"href":"https:\/\/mhh-kardiologie.de\/en\/wp-json\/wp\/v2\/pages\/857","targetHints":{"allow":["GET"]}}],"collection":[{"href":"https:\/\/mhh-kardiologie.de\/en\/wp-json\/wp\/v2\/pages"}],"about":[{"href":"https:\/\/mhh-kardiologie.de\/en\/wp-json\/wp\/v2\/types\/page"}],"author":[{"embeddable":true,"href":"https:\/\/mhh-kardiologie.de\/en\/wp-json\/wp\/v2\/users\/1"}],"replies":[{"embeddable":true,"href":"https:\/\/mhh-kardiologie.de\/en\/wp-json\/wp\/v2\/comments?post=857"}],"version-history":[{"count":27,"href":"https:\/\/mhh-kardiologie.de\/en\/wp-json\/wp\/v2\/pages\/857\/revisions"}],"predecessor-version":[{"id":6600,"href":"https:\/\/mhh-kardiologie.de\/en\/wp-json\/wp\/v2\/pages\/857\/revisions\/6600"}],"up":[{"embeddable":true,"href":"https:\/\/mhh-kardiologie.de\/en\/wp-json\/wp\/v2\/pages\/129"}],"wp:featuredmedia":[{"embeddable":true,"href":"https:\/\/mhh-kardiologie.de\/en\/wp-json\/wp\/v2\/media\/6580"}],"wp:attachment":[{"href":"https:\/\/mhh-kardiologie.de\/en\/wp-json\/wp\/v2\/media?parent=857"}],"curies":[{"name":"wp","href":"https:\/\/api.w.org\/{rel}","templated":true}]}}