{"id":867,"date":"2021-10-15T17:30:13","date_gmt":"2021-10-15T15:30:13","guid":{"rendered":"http:\/\/mhh-kardiologie.de.w01d58f8.kasserver.com\/?page_id=867"},"modified":"2026-01-29T09:32:57","modified_gmt":"2026-01-29T08:32:57","slug":"prof-dr-kai-christoph-wollert","status":"publish","type":"page","link":"https:\/\/mhh-kardiologie.de\/en\/klinikteam\/direktor-oberaerzte\/prof-dr-kai-christoph-wollert\/","title":{"rendered":"Prof. Dr. Kai Christoph Wollert"},"content":{"rendered":"\n<div class=\"wp-block-columns is-layout-flex wp-container-core-columns-is-layout-9d6595d7 wp-block-columns-is-layout-flex\">\n<div class=\"wp-block-column is-layout-flow wp-block-column-is-layout-flow\" style=\"flex-basis:66.66%\">\n<h2 class=\"wp-block-heading\">Prof. Dr. Kai C. Wollert<\/h2>\n\n\n\n<h3 class=\"wp-block-heading\">Oberarzt<\/h3>\n\n\n<div class=\"lazyblock-akkordeon-1JOmKE wp-block-lazyblock-akkordeon\">\n<input id=\"curriculumvitae\" class=\"hide-akkordeon akkordeon-toggle\" type=\"checkbox\" tabindex=\"-1\">\n\n<div class=\"akkordeon-block\">\n  <div class=\"toggler\">\n    <label for=\"curriculumvitae\" tabindex=\"0\">Curriculum Vitae<\/label>\n    <div class=\"akkordeon-bar\"><\/div>\n  <\/div>\n\n  <div class=\"akkordeon-content\">\n    <div class=\"akkordeon-inner-content\">\n      <ul>\n<li><span class=\"s1\"><strong>1991<\/strong><br \/><\/span><span class=\"s1\">Staatsexamen (<\/span>Dr. med.)<\/li>\n<li><strong><span class=\"s1\">1991 \u2013 1992<br \/><\/span><\/strong>U.S. amerikanische Staatsexamina (ECFMG)<\/li>\n<li><strong><span class=\"s1\">1991 \u2013 1993<span class=\"Apple-converted-space\">\u00a0<br \/><\/span><\/span><\/strong>Arzt im Praktikum und Wissenschaftlicher Assistent, Abteilung f\u00fcr Kardiologie und Angiologie, Universit\u00e4t Freiburg<\/li>\n<li><strong><span class=\"s1\">1993 \u2013 1995<span class=\"Apple-converted-space\">\u00a0<br \/><\/span><\/span><\/strong>Postdoctoral Fellow, Center for Molecular Genetics, University of California, San Diego<\/li>\n<li><strong><span class=\"s1\">1995 \u2013 1996<br \/><\/span><\/strong><span class=\"s1\">Assistenzarzt, Abteilung f\u00fcr Kardiologie und Angiologie, Universit\u00e4t Freiburg<\/span><\/li>\n<li><strong><span class=\"s1\">1996 \u2013\u00a02002<br \/><\/span><\/strong><span class=\"s1\">Assistenzarzt, Klinik f\u00fcr Kardiologie und Angiologie, Medizinische Hochschule Hannover<\/span><\/li>\n<li><span class=\"s1\"><strong>2000<\/strong><br \/><\/span>Facharzt Innere Medizin<\/li>\n<li><span class=\"s1\"><strong>2001<\/strong><br \/><\/span><span class=\"s1\">Habilitation<\/span><\/li>\n<li><strong><span class=\"s1\">2001 \u2013 2007<br \/><\/span><\/strong>Privatdozent, Medizinische Hochschule Hannover<\/li>\n<li><strong><span class=\"s1\">Seit 2002<br \/><\/span><\/strong>Oberarzt, Klinik f\u00fcr Kardiologie und Angiologie, Medizinische Hochschule Hannover<\/li>\n<li><span class=\"s1\"><strong>2004<\/strong><br \/><\/span><span class=\"s1\">Facharzt Kardiologie<\/span><\/li>\n<li><strong><span class=\"s1\">2007 \u2013 2010<br \/><\/span><\/strong>W2-Professur f\u00fcr Kardiale Stammzelltherapie, Medizinische Hochschule Hannover<\/li>\n<li><span class=\"s1\"><strong>2010<\/strong><br \/><\/span>Ruf auf W3-Professur mit Leitung der Klinik f\u00fcr Kardiologie und Angiologie, Universit\u00e4t Gie\u00dfen (abgelehnt)<\/li>\n<li><strong><span class=\"s1\">Seit 2010<br \/><\/span><\/strong><span class=\"s1\">W3-Professur f\u00fcr Molekulare und Translationale Kardiologie, Medizinische Hochschule Hannover<\/span><\/li>\n<li><span class=\"s1\"><strong>2015<\/strong><br \/><\/span><span class=\"s1\">Zusatzqualifikation Interventionelle Kardiologie<\/span><\/li>\n<\/ul>    <\/div>\n  <\/div>\n<\/div><\/div>\n\n<div class=\"lazyblock-hyberlink-block-27XsA3 wp-block-lazyblock-hyberlink-block\"><a href=\"https:\/\/mhh-kardiologie.de\/forschung\/molekulare-und-translationale-kardiologie\/\" target=\"_blank\" rel=\"noopener noreferrer\" class=\"hyperlink_txt\">Molekulare und Translationale Kardiologie<\/a><\/div><\/div>\n\n\n\n<div class=\"wp-block-column is-layout-flow wp-block-column-is-layout-flow\" style=\"flex-basis:33.33%\"><div class=\"personal_container\"><div class=\"personal_portrait\" style=\"background-image: url(https:\/\/mhh-kardiologie.de\/wp-content\/uploads\/2024\/11\/MHH_Kardiologie_OA\u0308_Portraits_wollert_2024-10-29_web.jpg);\"><\/div><div class=\"personal_infos\"><p class=\"personal_name\"><a href=\"https:\/\/mhh-kardiologie.de\/en\/klinikteam\/direktor-oberaerzte\/prof-dr-kai-christoph-wollert\/\">Prof. Dr. Kai C. Wollert<\/a><\/p><p class=\"personal_mail\"><a href=\"mailto:wollert.kai@mh-hannover.de\">wollert.kai@mh-hannover.de<\/a><\/p><\/div><\/div>\n<\/div>\n<\/div>\n","protected":false},"excerpt":{"rendered":"<p>Prof. Dr. Kai C. Wollert Oberarzt<\/p>\n","protected":false},"author":1,"featured_media":6580,"parent":129,"menu_order":50,"comment_status":"closed","ping_status":"closed","template":"","meta":{"block":"%5B%5D","footnotes":""},"class_list":["post-867","page","type-page","status-publish","has-post-thumbnail","hentry"],"_links":{"self":[{"href":"https:\/\/mhh-kardiologie.de\/en\/wp-json\/wp\/v2\/pages\/867","targetHints":{"allow":["GET"]}}],"collection":[{"href":"https:\/\/mhh-kardiologie.de\/en\/wp-json\/wp\/v2\/pages"}],"about":[{"href":"https:\/\/mhh-kardiologie.de\/en\/wp-json\/wp\/v2\/types\/page"}],"author":[{"embeddable":true,"href":"https:\/\/mhh-kardiologie.de\/en\/wp-json\/wp\/v2\/users\/1"}],"replies":[{"embeddable":true,"href":"https:\/\/mhh-kardiologie.de\/en\/wp-json\/wp\/v2\/comments?post=867"}],"version-history":[{"count":4,"href":"https:\/\/mhh-kardiologie.de\/en\/wp-json\/wp\/v2\/pages\/867\/revisions"}],"predecessor-version":[{"id":6597,"href":"https:\/\/mhh-kardiologie.de\/en\/wp-json\/wp\/v2\/pages\/867\/revisions\/6597"}],"up":[{"embeddable":true,"href":"https:\/\/mhh-kardiologie.de\/en\/wp-json\/wp\/v2\/pages\/129"}],"wp:featuredmedia":[{"embeddable":true,"href":"https:\/\/mhh-kardiologie.de\/en\/wp-json\/wp\/v2\/media\/6580"}],"wp:attachment":[{"href":"https:\/\/mhh-kardiologie.de\/en\/wp-json\/wp\/v2\/media?parent=867"}],"curies":[{"name":"wp","href":"https:\/\/api.w.org\/{rel}","templated":true}]}}