{"id":99,"date":"2021-09-24T11:32:54","date_gmt":"2021-09-24T09:32:54","guid":{"rendered":"http:\/\/mhh-kardiologie.de.w01d58f8.kasserver.com\/?page_id=99"},"modified":"2025-10-29T08:53:27","modified_gmt":"2025-10-29T07:53:27","slug":"impressum","status":"publish","type":"page","link":"https:\/\/mhh-kardiologie.de\/en\/impressum\/","title":{"rendered":"Impressum"},"content":{"rendered":"\n<div class=\"wp-block-group\"><div class=\"wp-block-group__inner-container is-layout-flow wp-block-group-is-layout-flow\">\n<h2 class=\"wp-block-heading\">Impressum<\/h2>\n\n\n\n<p><strong>Medizinische Hochschule Hannover<\/strong><br><strong>Klinik f\u00fcr Kardiologie und Angiologie<\/strong><\/p>\n\n\n\n<p>Carl-Neuberg-Str. 1 \u00b7 30625 Hannover<br>Tel.: +49 511 532-3841<br>Fax: +49 511 532-5412<\/p>\n\n\n\n<p><a href=\"https:\/\/mhh-kardiologie.de\/\">www.mhh-kardiologie.de<\/a><\/p>\n\n\n\n<p><a href=\"mailto:info@mhh-kardiologie.de\">info@mhh-kardiologie.de<\/a><\/p>\n\n\n\n<p><strong>Die Medizinische Hochschule Hannover <\/strong><strong>ist eine K\u00f6rperschaft des \u00f6ffentlichen Rechts.<\/strong><\/p>\n\n\n\n<p><strong>Verantwortlicher Leiter und f\u00fcr den <\/strong><strong>Inhalt verantwortlich gem\u00e4\u00df \u00a7 5 TMG:<\/strong><\/p>\n\n\n\n<p>Prof. Dr. med. Johann Bauersachs<\/p>\n\n\n\n<p><strong>Zust\u00e4ndige Aufsichtsbeh\u00f6rde:<\/strong><br>Nieders\u00e4chsisches Ministerium f\u00fcr Wissenschaft und Kultur<br>Leibnizufer 9 \u00b7 30169 Hannover<\/p>\n\n\n\n<p><strong>Zust\u00e4ndige Kammer:<\/strong><br>\u00c4rztekammer Niedersachsen<br>Bezirksstelle Hannover<br>Berliner Allee 20 \u00b7 30032 Hannover<\/p>\n\n\n\n<p><strong>Umsatzsteuer-Identifikationsnummer gem\u00e4\u00df \u00a7 27 a Umsatzsteuergesetz:<\/strong><br>DE 115650503<br>Institutionskennzeichen (IK-Nummer): 260320597<\/p>\n\n\n\n<p><strong>Konzeption, Gestaltung, Entwicklung und Hosting:<\/strong><br>B:SiGN GmbH<br>Brandensteinstr. 43A\u00a0\u00b7 30519\u00a0Hannover<br>Tel.: <a href=\"tel:00495115332000\">+49 511 533 2000<\/a><br><a href=\"http:\/\/bsign.de\/\" target=\"_blank\" rel=\"noreferrer noopener\">bsign.de<\/a><\/p>\n\n\n\n<p><strong>Fotografie:<\/strong><br>Tom Figiel<br>Weidendamm 3 \u00b7&nbsp;30167 Hannover<br><\/p>\n\n\n\n<p><strong>Pflichtinformationen nach \u00a7 5 Telemediengesetz (TMG)<\/strong><\/p>\n\n\n\n<h2 class=\"wp-block-heading\">Copyright<\/h2>\n\n\n\n<p><strong>Alle Rechte vorbehalten.<\/strong><\/p>\n\n\n\n<p>Das Copyright f\u00fcr ver\u00f6ffentlichte, von der Klinik f\u00fcr Kardiologie und Angiologie (MHH) selbst erstellte Objekte bleibt allein bei der Klinik f\u00fcr Kardiologie und Angiologie (MHH). Es ist insbesondere nicht gestattet, ohne ausdr\u00fcckliche Zustimmung solche Grafiken, Tondokumente, Videosequenzen und Texte oder Teile daraus f\u00fcr gewerbliche Zwecke zu \u00fcbernehmen, zu \u00fcbersetzen, zu vervielf\u00e4ltigen, auf Mikro\u00adfilm\/-fiche, in elektronische Systeme oder andere Websites einzuspeichern oder in irgendeiner Weise zu ver\u00e4ndern. Das Herunterladen oder Ausdrucken einzelner Seiten f\u00fcr den privaten Gebrauch ist gestattet. Auch die Linksammlungen unterliegen urheberrechtlichem Schutz.<\/p>\n\n\n\n<p><br>Links von anderen Webseiten auf diese Website sind gestattet und erw\u00fcnscht. Voraussetzung ist, dass vollst\u00e4ndig zur Website einschlie\u00dflich deren Frames gewechselt wird. Die Anzeige von Inhalten dieser Websites oder Teilen daraus in fremden Frames ohne Erkennbarkeit der Urheberschaft ist untersagt. Alle innerhalb des Internetangebotes genannten und gegebenenfalls durch Dritte gesch\u00fctzten Marken- und Warenzeichen unterliegen uneingeschr\u00e4nkt den Bestimmungen des jeweils g\u00fcltigen Kennzeichenrechts und den Besitzrechten der jeweiligen eingetragenen Eigent\u00fcmer. Allein aufgrund der blo\u00dfen Nennung ist nicht der Schluss zu ziehen, dass Markenzeichen nicht durch Rechte Dritter gesch\u00fctzt sind.<\/p>\n\n\n\n<h2 class=\"wp-block-heading\">Haftungsausschluss (Disclaimer)<\/h2>\n\n\n\n<p><strong>Inhalt des Onlineangebotes<\/strong><\/p>\n\n\n\n<p>Die Klinik f\u00fcr Kardiologie und Angiologie \u00fcbernimmt keinerlei Gew\u00e4hr f\u00fcr die Aktualit\u00e4t, Korrektheit, Vollst\u00e4ndigkeit oder Qualit\u00e4t der bereitgestellten Informationen. Haftungsanspr\u00fcche gegen die Klinik f\u00fcr Kardiologie und Angiologie sowie die Autoren oder an der Bereitstellung von Beitr\u00e4gen Mitwirkende, welche sich auf Sch\u00e4den materieller oder ideeller Art beziehen, die durch die Nutzung oder Nichtnutzung der dargebotenen Informationen bzw. durch die Nutzung fehlerhafter und unvollst\u00e4ndiger Informationen verursacht wurden, sind ausgeschlossen.&nbsp;Soweit Gesetze, Normen, Verordnungen o.&nbsp;\u00e4. zitiert werden, \u00fcbernimmt der Betreiber dieser Website keine Gew\u00e4hr f\u00fcr die Richtigkeit bzw. Aktualit\u00e4t der Angaben. In Zweifelsf\u00e4llen sind die Originalquellen heranzuziehen.<\/p>\n\n\n\n<p><br>Alle Angebote sind freibleibend und unverbindlich. Die Urheber behalten es sich ausdr\u00fccklich vor, Teile der Seiten oder das gesamte Angebot ohne gesonderte Ank\u00fcndigung zu ver\u00e4ndern, zu erg\u00e4nzen, zu l\u00f6schen oder die Ver\u00f6ffentlichung zeitweise oder endg\u00fcltig einzustellen.<\/p>\n\n\n\n<p><br><strong>Alle fachspezifischen Informationen, die auf dieser Website zu finden sind, werden von qualifizierten Fachleuten gegeben. Sie d\u00fcrfen jedoch nicht als Ersatz f\u00fcr die individuelle professionelle Beratung oder Behandlung durch ausgebildete und anerkannte Fachleute angesehen werden.<\/strong><br><br><strong>Links auf Web-Sites Dritter<\/strong><br>Die Klinik f\u00fcr Kardiologie und Angiologie bietet im Rahmen dieses Angebotes nicht nur eigene Web-Angebote, sondern auch Hyperlinks zu fremden Angeboten an. Der Betreiber der Website erkl\u00e4rt ausdr\u00fccklich, dass ihm zum Zeitpunkt der Linksetzung keine illegalen Inhalte auf den entsprechenden verlinkten Internetseiten bekannt waren. Er macht sich die fremden Inhalte nicht zu eigen. Der Betreiber hat insbesondere keinerlei Einfluss auf die aktuelle und zuk\u00fcnftige Gestaltung und auf die Inhalte der gelinkten\/verkn\u00fcpften Seiten. Von den gegen geltendes Recht versto\u00dfenden Inhalten aller gelinkten\/verkn\u00fcpften Seiten, die nach der Linksetzung ver\u00e4ndert wurden, distanziert sich der Betreiber hiermit ausdr\u00fccklich. Diese Feststellung gilt f\u00fcr alle im eigenen Internetangebot gesetzten Links und Verweise sowie f\u00fcr Fremdeintr\u00e4ge in den innerhalb des Netzwerks eingerichteten G\u00e4steb\u00fcchern, Diskussionsforen und Mailinglisten. F\u00fcr rechtswidrige, fehlerhafte oder unvollst\u00e4ndige Inhalte und insbesondere f\u00fcr Sch\u00e4den, die aus der Nutzung oder Nichtnutzung der dargebotenen Informationen entstehen, haftet allein der Anbieter der Seite, auf welche verwiesen wurde.<br><\/p>\n\n\n\n<p><strong>Rechtswirksamkeit<\/strong><\/p>\n\n\n\n<p>Diese Ausf\u00fchrungen sind als Teil des Internetangebotes zu betrachten, von dem aus auf diese Seite verwiesen wurde. Sofern Teile oder einzelne Formulierungen dieses Textes der geltenden Rechtslage nicht, nicht mehr oder nicht vollst\u00e4ndig entsprechen sollten, bleiben die \u00fcbrigen Teile des Dokumentes in ihrem Inhalt und ihrer G\u00fcltigkeit davon unber\u00fchrt.<\/p>\n\n\n\n<h2 class=\"wp-block-heading\">&nbsp;<\/h2>\n<\/div><\/div>\n","protected":false},"excerpt":{"rendered":"<p>Impressum Medizinische Hochschule HannoverKlinik f\u00fcr Kardiologie und Angiologie Carl-Neuberg-Str. 1 \u00b7 30625 HannoverTel.: +49 511 532-3841Fax: +49 511 532-5412 www.mhh-kardiologie.de info@mhh-kardiologie.de Die Medizinische Hochschule Hannover ist eine K\u00f6rperschaft des \u00f6ffentlichen Rechts. Verantwortlicher Leiter und f\u00fcr den Inhalt verantwortlich gem\u00e4\u00df \u00a7 5 TMG: Prof. Dr. med. Johann Bauersachs Zust\u00e4ndige Aufsichtsbeh\u00f6rde:Nieders\u00e4chsisches Ministerium f\u00fcr Wissenschaft und KulturLeibnizufer 9 [&hellip;]<\/p>\n","protected":false},"author":1,"featured_media":0,"parent":0,"menu_order":126,"comment_status":"closed","ping_status":"closed","template":"","meta":{"block":"%5B%5D","footnotes":""},"class_list":["post-99","page","type-page","status-publish","hentry"],"_links":{"self":[{"href":"https:\/\/mhh-kardiologie.de\/en\/wp-json\/wp\/v2\/pages\/99","targetHints":{"allow":["GET"]}}],"collection":[{"href":"https:\/\/mhh-kardiologie.de\/en\/wp-json\/wp\/v2\/pages"}],"about":[{"href":"https:\/\/mhh-kardiologie.de\/en\/wp-json\/wp\/v2\/types\/page"}],"author":[{"embeddable":true,"href":"https:\/\/mhh-kardiologie.de\/en\/wp-json\/wp\/v2\/users\/1"}],"replies":[{"embeddable":true,"href":"https:\/\/mhh-kardiologie.de\/en\/wp-json\/wp\/v2\/comments?post=99"}],"version-history":[{"count":7,"href":"https:\/\/mhh-kardiologie.de\/en\/wp-json\/wp\/v2\/pages\/99\/revisions"}],"predecessor-version":[{"id":6402,"href":"https:\/\/mhh-kardiologie.de\/en\/wp-json\/wp\/v2\/pages\/99\/revisions\/6402"}],"wp:attachment":[{"href":"https:\/\/mhh-kardiologie.de\/en\/wp-json\/wp\/v2\/media?parent=99"}],"curies":[{"name":"wp","href":"https:\/\/api.w.org\/{rel}","templated":true}]}}